{"id":16,"date":"2023-12-01T08:48:39","date_gmt":"2023-12-01T05:48:39","guid":{"rendered":"https:\/\/travel.dev4ipr.top\/?page_id=16"},"modified":"2026-04-17T14:44:58","modified_gmt":"2026-04-17T11:44:58","slug":"uber-uns","status":"publish","type":"page","link":"https:\/\/travelmarttm.com\/de\/uber-uns\/","title":{"rendered":"\u00dcber uns"},"content":{"rendered":"\n<p>Was unterscheidet Travel Mart TM von Anderen? Ein Reisender der mit Travel Mart TM verreist erf\u00e4hrt echte authentische Gastfreundschaft in den gereisten L\u00e4ndern.<\/p>\n\n\n\n<p><strong>Unsere Reisen<\/strong><br>Die Organisation von Reisen zu spannenden Reisezielen auf dieser Welt ist aufw\u00e4ndig und erfordert eine sorgf\u00e4ltige, detaillierte Planung. Travel Mart TM ein professioneller Reiseorganisator. Alle Touren wurden in Zusammenarbeit mit unseren Reisepartnern vor Ort entwickelt und werden auch gemeinsam durchgef\u00fchrt.<\/p>\n\n\n\n<p><strong>Pers\u00f6nlicher Service<\/strong><br>Der Erfolg von Travel Mart TM zeichnet sich aus durch tiefgreifendes Wissens der Tourismusbranche, ein H\u00f6chstma\u00df an Flexibilit\u00e4t, Individualit\u00e4t sowie st\u00e4ndige Innovation. Der Ma\u00dfstab f\u00fcr den Qualit\u00e4tsanspruch ist hoch und gleichzeitig einfach: ausgezeichnete Kundenbegeisterung und -zufriedenheit.<\/p>\n\n\n\n<p>Alle unsere Rundreisen erfahren Unterst\u00fctzung durch eigenes Netzwerk, bestehend aus B\u00fcros sowie lokalen Mitarbeiterteams an den jeweiligen Reisezielen. W\u00e4hrend des kompletten Trips werden Ihre t\u00e4glichen Bewegungen sorgsam \u00fcberwacht. Zwischen 8 \u2013 24 Uhr sind Sie immer nur einen Anruf von Travel Mart TM weg. Travel Mart TM engagiert sich f\u00fcr seine Kunden \u2013 vor, w\u00e4hrend und nach der Reise. Mit dem Ergebnis, dass die meisten Kunden auf pers\u00f6nliche Empfehlung zum Travel Mart TM kommen oder zum wiederholten Male mit Travel Mart TM reisen.<\/p>\n\n\n\n<p><strong>Reiseleiter<\/strong><br>Reiseleiter spielen eine unsch\u00e4tzbare Rolle in der Sicherstellung, dass Kunden die besten Gelegenheiten bekommen etwas zu erleben oder Neues zu erlernen und somit Freude an der Reise haben. Ihr Reiseleiter wird sorgf\u00e4ltig ausgesucht: nach dem Wissensstand \u00fcber die regionale Kultur, nach deutschen Sprachkenntnissen und dem Geschick sorgf\u00e4ltig mit anspruchsvollen Kunden umzugehen. Ein Urlaub mit Travel Mart TM stellt unter Beweis, permanent bestrebt sind vorz\u00fcgliche Leistungen und Gastfreundlichkeit zu bieten.<\/p>\n\n\n\n<p><strong>Unsere Unternehmensphilosophie<\/strong><br>Kurz und knapp: <strong>Erlebnisreisen zu fairen Preisen!<\/strong> Wir wollen unseren Kunden einmalige, authentische und unvergessliche Erlebnisse verschaffen, so individuell angepasst wie nur m\u00f6glich. Dabei versuchen wir die Bed\u00fcrfnisse der Einheimischen und die Erwartungen unserer Kunden im Blick zu behalten.<\/p>\n","protected":false},"excerpt":{"rendered":"Was unterscheidet Travel Mart TM von Anderen? Ein Reisender der mit Travel Mart TM verreist erf\u00e4hrt echte authentische Gastfreundschaft in den gereisten","protected":false},"author":1,"featured_media":0,"parent":0,"menu_order":0,"comment_status":"closed","ping_status":"closed","template":"about.php","meta":{"inline_featured_image":false,"_uag_custom_page_level_css":"","footnotes":""},"class_list":["post-16","page","type-page","status-publish","hentry"],"translation":{"provider":"WPGlobus","version":"3.0.2","language":"de","enabled_languages":["en","de","ru"],"languages":{"en":{"title":true,"content":true,"excerpt":false},"de":{"title":true,"content":true,"excerpt":false},"ru":{"title":true,"content":true,"excerpt":false}}},"acf":[],"yoast_head":"<!-- This site is optimized with the Yoast SEO plugin v27.5 - https:\/\/yoast.com\/product\/yoast-seo-wordpress\/ -->\n<title>\u00dcber uns - Travel Mart TM<\/title>\n<meta name=\"robots\" content=\"index, follow, max-snippet:-1, max-image-preview:large, max-video-preview:-1\" \/>\n<link rel=\"canonical\" href=\"https:\/\/travelmarttm.com\/uber-uns\/\" \/>\n<meta property=\"og:locale\" content=\"de_DE\" \/>\n<meta property=\"og:type\" content=\"article\" \/>\n<meta property=\"og:title\" content=\"\u00dcber uns - Travel Mart TM\" \/>\n<meta property=\"og:url\" content=\"https:\/\/travelmarttm.com\/uber-uns\/\" \/>\n<meta property=\"og:site_name\" content=\"Travel Mart TM\" \/>\n<meta property=\"article:modified_time\" content=\"2026-04-17T11:44:58+00:00\" \/>\n<meta property=\"og:image\" content=\"https:\/\/travelmarttm.com\/wp-content\/uploads\/2023\/12\/Group-3.png\" \/>\n\t<meta property=\"og:image:width\" content=\"162\" \/>\n\t<meta property=\"og:image:height\" content=\"45\" \/>\n\t<meta property=\"og:image:type\" content=\"image\/png\" \/>\n<meta name=\"twitter:card\" content=\"summary_large_image\" \/>\n<meta name=\"twitter:label1\" content=\"Gesch\u00e4tzte Lesezeit\" \/>\n\t<meta name=\"twitter:data1\" content=\"4\u00a0Minuten\" \/>\n<script type=\"application\/ld+json\" class=\"yoast-schema-graph\">{\"@context\":\"https:\\\/\\\/schema.org\",\"@graph\":[{\"@type\":\"WebPage\",\"@id\":\"https:\\\/\\\/travelmarttm.com\\\/uber-uns\\\/\",\"url\":\"https:\\\/\\\/travelmarttm.com\\\/uber-uns\\\/\",\"name\":\"\u00dcber uns - Travel Mart TM\",\"isPartOf\":{\"@id\":\"https:\\\/\\\/travelmarttm.com\\\/#website\"},\"datePublished\":\"2023-12-01T05:48:39+00:00\",\"dateModified\":\"2026-04-17T11:44:58+00:00\",\"breadcrumb\":{\"@id\":\"https:\\\/\\\/travelmarttm.com\\\/uber-uns\\\/#breadcrumb\"},\"inLanguage\":\"de\",\"potentialAction\":[{\"@type\":\"ReadAction\",\"target\":[\"https:\\\/\\\/travelmarttm.com\\\/uber-uns\\\/\"]}]},{\"@type\":\"BreadcrumbList\",\"@id\":\"https:\\\/\\\/travelmarttm.com\\\/uber-uns\\\/#breadcrumb\",\"itemListElement\":[{\"@type\":\"ListItem\",\"position\":1,\"name\":\"Startseite\",\"item\":\"https:\\\/\\\/travelmarttm.com\\\/\"},{\"@type\":\"ListItem\",\"position\":2,\"name\":\"About us\"}]},{\"@type\":\"WebSite\",\"@id\":\"https:\\\/\\\/travelmarttm.com\\\/#website\",\"url\":\"https:\\\/\\\/travelmarttm.com\\\/\",\"name\":\"travel mart tm\",\"description\":\"Tour operator\",\"publisher\":{\"@id\":\"https:\\\/\\\/travelmarttm.com\\\/#organization\"},\"alternateName\":\"travel mart tm\",\"potentialAction\":[{\"@type\":\"SearchAction\",\"target\":{\"@type\":\"EntryPoint\",\"urlTemplate\":\"https:\\\/\\\/travelmarttm.com\\\/?s={search_term_string}\"},\"query-input\":{\"@type\":\"PropertyValueSpecification\",\"valueRequired\":true,\"valueName\":\"search_term_string\"}}],\"inLanguage\":\"de\"},{\"@type\":\"Organization\",\"@id\":\"https:\\\/\\\/travelmarttm.com\\\/#organization\",\"name\":\"travel mart tm\",\"url\":\"https:\\\/\\\/travelmarttm.com\\\/\",\"logo\":{\"@type\":\"ImageObject\",\"inLanguage\":\"de\",\"@id\":\"https:\\\/\\\/travelmarttm.com\\\/#\\\/schema\\\/logo\\\/image\\\/\",\"url\":\"https:\\\/\\\/travelmarttm.com\\\/wp-content\\\/uploads\\\/2023\\\/12\\\/Group-3.png\",\"contentUrl\":\"https:\\\/\\\/travelmarttm.com\\\/wp-content\\\/uploads\\\/2023\\\/12\\\/Group-3.png\",\"width\":162,\"height\":45,\"caption\":\"travel mart tm\"},\"image\":{\"@id\":\"https:\\\/\\\/travelmarttm.com\\\/#\\\/schema\\\/logo\\\/image\\\/\"}}]}<\/script>\n<!-- \/ Yoast SEO plugin. -->","yoast_head_json":{"title":"\u00dcber uns - Travel Mart TM","robots":{"index":"index","follow":"follow","max-snippet":"max-snippet:-1","max-image-preview":"max-image-preview:large","max-video-preview":"max-video-preview:-1"},"canonical":"https:\/\/travelmarttm.com\/uber-uns\/","og_locale":"de_DE","og_type":"article","og_title":"\u00dcber uns - Travel Mart TM","og_url":"https:\/\/travelmarttm.com\/uber-uns\/","og_site_name":"Travel Mart TM","article_modified_time":"2026-04-17T11:44:58+00:00","og_image":[{"width":162,"height":45,"url":"https:\/\/travelmarttm.com\/wp-content\/uploads\/2023\/12\/Group-3.png","type":"image\/png"}],"twitter_card":"summary_large_image","twitter_misc":{"Gesch\u00e4tzte Lesezeit":"4\u00a0Minuten"},"schema":{"@context":"https:\/\/schema.org","@graph":[{"@type":"WebPage","@id":"https:\/\/travelmarttm.com\/uber-uns\/","url":"https:\/\/travelmarttm.com\/uber-uns\/","name":"\u00dcber uns - Travel Mart TM","isPartOf":{"@id":"https:\/\/travelmarttm.com\/#website"},"datePublished":"2023-12-01T05:48:39+00:00","dateModified":"2026-04-17T11:44:58+00:00","breadcrumb":{"@id":"https:\/\/travelmarttm.com\/uber-uns\/#breadcrumb"},"inLanguage":"de","potentialAction":[{"@type":"ReadAction","target":["https:\/\/travelmarttm.com\/uber-uns\/"]}]},{"@type":"BreadcrumbList","@id":"https:\/\/travelmarttm.com\/uber-uns\/#breadcrumb","itemListElement":[{"@type":"ListItem","position":1,"name":"Startseite","item":"https:\/\/travelmarttm.com\/"},{"@type":"ListItem","position":2,"name":"About us"}]},{"@type":"WebSite","@id":"https:\/\/travelmarttm.com\/#website","url":"https:\/\/travelmarttm.com\/","name":"travel mart tm","description":"Tour operator","publisher":{"@id":"https:\/\/travelmarttm.com\/#organization"},"alternateName":"travel mart tm","potentialAction":[{"@type":"SearchAction","target":{"@type":"EntryPoint","urlTemplate":"https:\/\/travelmarttm.com\/?s={search_term_string}"},"query-input":{"@type":"PropertyValueSpecification","valueRequired":true,"valueName":"search_term_string"}}],"inLanguage":"de"},{"@type":"Organization","@id":"https:\/\/travelmarttm.com\/#organization","name":"travel mart tm","url":"https:\/\/travelmarttm.com\/","logo":{"@type":"ImageObject","inLanguage":"de","@id":"https:\/\/travelmarttm.com\/#\/schema\/logo\/image\/","url":"https:\/\/travelmarttm.com\/wp-content\/uploads\/2023\/12\/Group-3.png","contentUrl":"https:\/\/travelmarttm.com\/wp-content\/uploads\/2023\/12\/Group-3.png","width":162,"height":45,"caption":"travel mart tm"},"image":{"@id":"https:\/\/travelmarttm.com\/#\/schema\/logo\/image\/"}}]}},"uagb_featured_image_src":{"full":false,"thumbnail":false,"medium":false,"medium_large":false,"large":false,"1536x1536":false,"2048x2048":false},"uagb_author_info":{"display_name":"admin","author_link":"https:\/\/travelmarttm.com\/de\/author\/admin\/"},"uagb_comment_info":0,"uagb_excerpt":"Was unterscheidet Travel Mart TM von Anderen? Ein Reisender der mit Travel Mart TM verreist erf\u00e4hrt echte authentische Gastfreundschaft in den gereisten","_links":{"self":[{"href":"https:\/\/travelmarttm.com\/de\/wp-json\/wp\/v2\/pages\/16","targetHints":{"allow":["GET"]}}],"collection":[{"href":"https:\/\/travelmarttm.com\/de\/wp-json\/wp\/v2\/pages"}],"about":[{"href":"https:\/\/travelmarttm.com\/de\/wp-json\/wp\/v2\/types\/page"}],"author":[{"embeddable":true,"href":"https:\/\/travelmarttm.com\/de\/wp-json\/wp\/v2\/users\/1"}],"replies":[{"embeddable":true,"href":"https:\/\/travelmarttm.com\/de\/wp-json\/wp\/v2\/comments?post=16"}],"version-history":[{"count":112,"href":"https:\/\/travelmarttm.com\/de\/wp-json\/wp\/v2\/pages\/16\/revisions"}],"predecessor-version":[{"id":4170,"href":"https:\/\/travelmarttm.com\/de\/wp-json\/wp\/v2\/pages\/16\/revisions\/4170"}],"wp:attachment":[{"href":"https:\/\/travelmarttm.com\/de\/wp-json\/wp\/v2\/media?parent=16"}],"curies":[{"name":"wp","href":"https:\/\/api.w.org\/{rel}","templated":true}]}}