{"id":397,"date":"2023-12-30T12:47:53","date_gmt":"2023-12-30T09:47:53","guid":{"rendered":"https:\/\/travel.dev4ipr.top\/?page_id=397"},"modified":"2026-04-15T21:59:32","modified_gmt":"2026-04-15T18:59:32","slug":"en-legal-notice-imprint-de-impressum-ru-yuridicheskaya-informatsiya","status":"publish","type":"page","link":"https:\/\/travelmarttm.com\/de\/en-legal-notice-imprint-de-impressum-ru-yuridicheskaya-informatsiya\/","title":{"rendered":"Impressum"},"content":{"rendered":"\n<p>Dieses Impressum gilt ebenfalls f\u00fcr alle Social-Media-Auftritte der&nbsp;<strong>Travel Mart TM GmbH<\/strong><br>(Facebook, Pinterest, YouTube und XING).<\/p>\n\n\n\n<h4 class=\"wp-block-heading\"><strong>Reiseveranstalter<\/strong> <strong>Travel Mart TM GmbH<\/strong><\/h4>\n\n\n\n<p><strong>Postanschrift<\/strong><\/p>\n\n\n\n<p>Travel Mart TM GmbH<br>Nossener Str. 1<br>01683 Nossen<br>Deutschland<br>Telefon: +49 35242 666 950<br>Mobil: +49 1766 14 22334<br>E-Mail:&nbsp;<a href=\"mailto:info@travel-mart.de\">info@travel-mart.de<\/a><\/p>\n\n\n\n<h4 class=\"wp-block-heading\"><strong>Handelsregister<\/strong><\/h4>\n\n\n\n<p>Eingetragen im Handelsregister: Amtsgericht Dresden<br>HRB 45162<br>Umsatzsteuer-Identifikationsnummer gem\u00e4\u00df \u00a7 27a UStG:<br>DE 293 448 110<\/p>\n\n\n\n<p>Vertreten durch die Gesch\u00e4ftsf\u00fchrerin:<br><strong>Yana Fetova<\/strong><\/p>\n\n\n\n<h4 class=\"wp-block-heading\"><strong>Bankverbindung<\/strong><\/h4>\n\n\n\n<p>Sparkasse Mei\u00dfen<br>Travel Mart TM GmbH<br>IBAN: DE18 8505 5000 0500 0313 63<br>BIC: SOLADES1MEI<\/p>\n\n\n\n<h4 class=\"wp-block-heading\"><strong>Hinweis zur Online-Streitbeilegung<\/strong><\/h4>\n\n\n\n<p>Die Europ\u00e4ische Kommission stellt eine Plattform zur Online-Streitbeilegung (OS-Plattform) bereit. Diese dient als Anlaufstelle zur au\u00dfergerichtlichen Beilegung von Streitigkeiten aus Online-Kauf- oder Dienstleistungsvertr\u00e4gen.<br>Die Plattform finden Sie unter:<br><a href=\"http:\/\/ec.europa.eu\/consumers\/odr\">http:\/\/ec.europa.eu\/consumers\/odr<\/a><br>Die Travel Mart TM GmbH ist weder verpflichtet noch bereit, an Streitbeilegungsverfahren vor einer Verbraucherschlichtungsstelle teilzunehmen.<\/p>\n\n\n\n<h4 class=\"wp-block-heading\"><strong>Kontaktstelle f\u00fcr Beschwerden und Schlichtung (Ombudsmann)<\/strong><\/h4>\n\n\n\n<p>Sollten Sie Anlass zu einer Beschwerde im Zusammenhang mit der Versicherungsvermittlung haben, k\u00f6nnen Sie sich an folgende au\u00dfergerichtliche Beschwerde- und Schlichtungsstelle wenden:<br>Versicherungsombudsmann e. V.<br>Postfach 080632<br>10006 Berlin<br>Telefon: 0800 3696000<br>Fax: 0800 3699000<\/p>\n\n\n\n<p>E-Mail:&nbsp;<a href=\"mailto:beschwerde@versicherungsombudsmann.de\">beschwerde@versicherungsombudsmann.de<\/a><br>Website:&nbsp;<a href=\"https:\/\/www.versicherungsombudsmann.de\/\">https:\/\/www.versicherungsombudsmann.de<\/a><\/p>\n\n\n\n<h4 class=\"wp-block-heading\"><strong>Bildnachweise<\/strong><\/h4>\n\n\n\n<p>Die Website der Travel Mart TM GmbH verwendet ausschlie\u00dflich Bilder aus folgenden Quellen:<\/p>\n\n\n\n<ul class=\"wp-block-list\">\n<li>Tourismusverb\u00e4nde und Fremdenverkehrsorganisationen<\/li>\n\n\n\n<li>Hotels und Fluggesellschaften, die diese kostenfrei zur Verf\u00fcgung stellen<\/li>\n\n\n\n<li>Reiseleiter und lokale Partner<\/li>\n\n\n\n<li>eigene Bilddatenbank<\/li>\n<\/ul>\n\n\n\n<h4 class=\"wp-block-heading\"><strong>Absicherung von Pauschalreisen<\/strong><\/h4>\n\n\n\n<p>Sicherungsschein f\u00fcr Pauschalreisen gem\u00e4\u00df \u00a7 651r BGB<br>Sicherungsschein f\u00fcr verbundene Reiseleistungen gem\u00e4\u00df \u00a7\u00a7 651r, 651w BGB<\/p>\n\n\n\n<h4 class=\"wp-block-heading\"><strong>Urheberrecht<\/strong><\/h4>\n\n\n\n<p>Alle Inhalte und Informationen auf dieser Website d\u00fcrfen verbreitet, vervielf\u00e4ltigt und ver\u00f6ffentlicht werden. Die Weitergabe der bereitgestellten Informationen online oder \u00fcber andere Medien ist gestattet und ausdr\u00fccklich erw\u00fcnscht.<\/p>\n\n\n\n<h4 class=\"wp-block-heading\"><strong>Hinweis zu Abmahnversuchen<\/strong><\/h4>\n\n\n\n<p>Sollten Inhalte oder die Gestaltung dieser Seiten Rechte Dritter oder gesetzliche Bestimmungen verletzen, bitten wir um eine entsprechende Nachricht&nbsp;<strong>ohne Kostennote<\/strong>.<\/p>\n\n\n\n<p>Zu Recht beanstandete Inhalte werden selbstverst\u00e4ndlich unverz\u00fcglich entfernt, ohne dass hierf\u00fcr die Einschaltung eines Rechtsbeistandes erforderlich ist. Ohne vorherige Kontaktaufnahme entstandene Kosten werden wir vollumf\u00e4nglich zur\u00fcckweisen und gegebenenfalls Gegenklage wegen Verletzung der vorgenannten Bestimmungen erheben.<\/p>\n\n\n\n<h4 class=\"wp-block-heading\"><strong>Unsere Reisen sind abgesichert<\/strong><\/h4>\n\n\n\n<p>Ihre Reisen sind gem\u00e4\u00df den gesetzlichen Bestimmungen abgesichert.<br>Versicherungsschein-Nr.: 303 90 101105326<\/p>\n\n\n\n<h4 class=\"wp-block-heading\"><img loading=\"lazy\" decoding=\"async\" class=\"\" src=\"\/wp-content\/themes\/travel\/image\/photo_2024-02-19_13-35-37.jpg\" alt=\"\" width=\"159\" height=\"159\"><\/h4>\n","protected":false},"excerpt":{"rendered":"Dieses Impressum gilt ebenfalls f\u00fcr alle Social-Media-Auftritte der&nbsp;Travel Mart TM GmbH(Facebook, Pinterest, YouTube und XING). Reiseveranstalter Travel Mart TM GmbH Postanschrift Travel","protected":false},"author":1,"featured_media":0,"parent":0,"menu_order":0,"comment_status":"closed","ping_status":"closed","template":"","meta":{"inline_featured_image":false,"_uag_custom_page_level_css":"","footnotes":""},"class_list":["post-397","page","type-page","status-publish","hentry"],"translation":{"provider":"WPGlobus","version":"3.0.2","language":"de","enabled_languages":["en","de","ru"],"languages":{"en":{"title":true,"content":true,"excerpt":false},"de":{"title":true,"content":true,"excerpt":false},"ru":{"title":true,"content":true,"excerpt":false}}},"acf":[],"yoast_head":"<!-- This site is optimized with the Yoast SEO plugin v27.5 - https:\/\/yoast.com\/product\/yoast-seo-wordpress\/ -->\n<title>Impressum - Travel Mart TM<\/title>\n<meta name=\"robots\" content=\"index, follow, max-snippet:-1, max-image-preview:large, max-video-preview:-1\" \/>\n<link rel=\"canonical\" href=\"https:\/\/travelmarttm.com\/en-legal-notice-imprint-de-impressum-ru-yuridicheskaya-informatsiya\/\" \/>\n<meta property=\"og:locale\" content=\"de_DE\" \/>\n<meta property=\"og:type\" content=\"article\" \/>\n<meta property=\"og:title\" content=\"Impressum - Travel Mart TM\" \/>\n<meta property=\"og:url\" content=\"https:\/\/travelmarttm.com\/en-legal-notice-imprint-de-impressum-ru-yuridicheskaya-informatsiya\/\" \/>\n<meta property=\"og:site_name\" content=\"Travel Mart TM\" \/>\n<meta property=\"article:modified_time\" content=\"2026-04-15T18:59:32+00:00\" \/>\n<meta property=\"og:image\" content=\"https:\/\/travelmarttm.com\/wp-content\/uploads\/2023\/12\/Group-3.png\" \/>\n\t<meta property=\"og:image:width\" content=\"162\" \/>\n\t<meta property=\"og:image:height\" content=\"45\" \/>\n\t<meta property=\"og:image:type\" content=\"image\/png\" \/>\n<meta name=\"twitter:card\" content=\"summary_large_image\" \/>\n<meta name=\"twitter:label1\" content=\"Gesch\u00e4tzte Lesezeit\" \/>\n\t<meta name=\"twitter:data1\" content=\"2\u00a0Minuten\" \/>\n<script type=\"application\/ld+json\" class=\"yoast-schema-graph\">{\"@context\":\"https:\\\/\\\/schema.org\",\"@graph\":[{\"@type\":\"WebPage\",\"@id\":\"https:\\\/\\\/travelmarttm.com\\\/en-legal-notice-imprint-de-impressum-ru-yuridicheskaya-informatsiya\\\/\",\"url\":\"https:\\\/\\\/travelmarttm.com\\\/en-legal-notice-imprint-de-impressum-ru-yuridicheskaya-informatsiya\\\/\",\"name\":\"Impressum - Travel Mart TM\",\"isPartOf\":{\"@id\":\"https:\\\/\\\/travelmarttm.com\\\/#website\"},\"datePublished\":\"2023-12-30T09:47:53+00:00\",\"dateModified\":\"2026-04-15T18:59:32+00:00\",\"breadcrumb\":{\"@id\":\"https:\\\/\\\/travelmarttm.com\\\/en-legal-notice-imprint-de-impressum-ru-yuridicheskaya-informatsiya\\\/#breadcrumb\"},\"inLanguage\":\"de\",\"potentialAction\":[{\"@type\":\"ReadAction\",\"target\":[\"https:\\\/\\\/travelmarttm.com\\\/en-legal-notice-imprint-de-impressum-ru-yuridicheskaya-informatsiya\\\/\"]}]},{\"@type\":\"BreadcrumbList\",\"@id\":\"https:\\\/\\\/travelmarttm.com\\\/en-legal-notice-imprint-de-impressum-ru-yuridicheskaya-informatsiya\\\/#breadcrumb\",\"itemListElement\":[{\"@type\":\"ListItem\",\"position\":1,\"name\":\"Startseite\",\"item\":\"https:\\\/\\\/travelmarttm.com\\\/\"},{\"@type\":\"ListItem\",\"position\":2,\"name\":\"Imprint\"}]},{\"@type\":\"WebSite\",\"@id\":\"https:\\\/\\\/travelmarttm.com\\\/#website\",\"url\":\"https:\\\/\\\/travelmarttm.com\\\/\",\"name\":\"travel mart tm\",\"description\":\"Tour operator\",\"publisher\":{\"@id\":\"https:\\\/\\\/travelmarttm.com\\\/#organization\"},\"alternateName\":\"travel mart tm\",\"potentialAction\":[{\"@type\":\"SearchAction\",\"target\":{\"@type\":\"EntryPoint\",\"urlTemplate\":\"https:\\\/\\\/travelmarttm.com\\\/?s={search_term_string}\"},\"query-input\":{\"@type\":\"PropertyValueSpecification\",\"valueRequired\":true,\"valueName\":\"search_term_string\"}}],\"inLanguage\":\"de\"},{\"@type\":\"Organization\",\"@id\":\"https:\\\/\\\/travelmarttm.com\\\/#organization\",\"name\":\"travel mart tm\",\"url\":\"https:\\\/\\\/travelmarttm.com\\\/\",\"logo\":{\"@type\":\"ImageObject\",\"inLanguage\":\"de\",\"@id\":\"https:\\\/\\\/travelmarttm.com\\\/#\\\/schema\\\/logo\\\/image\\\/\",\"url\":\"https:\\\/\\\/travelmarttm.com\\\/wp-content\\\/uploads\\\/2023\\\/12\\\/Group-3.png\",\"contentUrl\":\"https:\\\/\\\/travelmarttm.com\\\/wp-content\\\/uploads\\\/2023\\\/12\\\/Group-3.png\",\"width\":162,\"height\":45,\"caption\":\"travel mart tm\"},\"image\":{\"@id\":\"https:\\\/\\\/travelmarttm.com\\\/#\\\/schema\\\/logo\\\/image\\\/\"}}]}<\/script>\n<!-- \/ Yoast SEO plugin. -->","yoast_head_json":{"title":"Impressum - Travel Mart TM","robots":{"index":"index","follow":"follow","max-snippet":"max-snippet:-1","max-image-preview":"max-image-preview:large","max-video-preview":"max-video-preview:-1"},"canonical":"https:\/\/travelmarttm.com\/en-legal-notice-imprint-de-impressum-ru-yuridicheskaya-informatsiya\/","og_locale":"de_DE","og_type":"article","og_title":"Impressum - Travel Mart TM","og_url":"https:\/\/travelmarttm.com\/en-legal-notice-imprint-de-impressum-ru-yuridicheskaya-informatsiya\/","og_site_name":"Travel Mart TM","article_modified_time":"2026-04-15T18:59:32+00:00","og_image":[{"width":162,"height":45,"url":"https:\/\/travelmarttm.com\/wp-content\/uploads\/2023\/12\/Group-3.png","type":"image\/png"}],"twitter_card":"summary_large_image","twitter_misc":{"Gesch\u00e4tzte Lesezeit":"2\u00a0Minuten"},"schema":{"@context":"https:\/\/schema.org","@graph":[{"@type":"WebPage","@id":"https:\/\/travelmarttm.com\/en-legal-notice-imprint-de-impressum-ru-yuridicheskaya-informatsiya\/","url":"https:\/\/travelmarttm.com\/en-legal-notice-imprint-de-impressum-ru-yuridicheskaya-informatsiya\/","name":"Impressum - Travel Mart TM","isPartOf":{"@id":"https:\/\/travelmarttm.com\/#website"},"datePublished":"2023-12-30T09:47:53+00:00","dateModified":"2026-04-15T18:59:32+00:00","breadcrumb":{"@id":"https:\/\/travelmarttm.com\/en-legal-notice-imprint-de-impressum-ru-yuridicheskaya-informatsiya\/#breadcrumb"},"inLanguage":"de","potentialAction":[{"@type":"ReadAction","target":["https:\/\/travelmarttm.com\/en-legal-notice-imprint-de-impressum-ru-yuridicheskaya-informatsiya\/"]}]},{"@type":"BreadcrumbList","@id":"https:\/\/travelmarttm.com\/en-legal-notice-imprint-de-impressum-ru-yuridicheskaya-informatsiya\/#breadcrumb","itemListElement":[{"@type":"ListItem","position":1,"name":"Startseite","item":"https:\/\/travelmarttm.com\/"},{"@type":"ListItem","position":2,"name":"Imprint"}]},{"@type":"WebSite","@id":"https:\/\/travelmarttm.com\/#website","url":"https:\/\/travelmarttm.com\/","name":"travel mart tm","description":"Tour operator","publisher":{"@id":"https:\/\/travelmarttm.com\/#organization"},"alternateName":"travel mart tm","potentialAction":[{"@type":"SearchAction","target":{"@type":"EntryPoint","urlTemplate":"https:\/\/travelmarttm.com\/?s={search_term_string}"},"query-input":{"@type":"PropertyValueSpecification","valueRequired":true,"valueName":"search_term_string"}}],"inLanguage":"de"},{"@type":"Organization","@id":"https:\/\/travelmarttm.com\/#organization","name":"travel mart tm","url":"https:\/\/travelmarttm.com\/","logo":{"@type":"ImageObject","inLanguage":"de","@id":"https:\/\/travelmarttm.com\/#\/schema\/logo\/image\/","url":"https:\/\/travelmarttm.com\/wp-content\/uploads\/2023\/12\/Group-3.png","contentUrl":"https:\/\/travelmarttm.com\/wp-content\/uploads\/2023\/12\/Group-3.png","width":162,"height":45,"caption":"travel mart tm"},"image":{"@id":"https:\/\/travelmarttm.com\/#\/schema\/logo\/image\/"}}]}},"uagb_featured_image_src":{"full":false,"thumbnail":false,"medium":false,"medium_large":false,"large":false,"1536x1536":false,"2048x2048":false},"uagb_author_info":{"display_name":"admin","author_link":"https:\/\/travelmarttm.com\/de\/author\/admin\/"},"uagb_comment_info":0,"uagb_excerpt":"Dieses Impressum gilt ebenfalls f\u00fcr alle Social-Media-Auftritte der&nbsp;Travel Mart TM GmbH(Facebook, Pinterest, YouTube und XING). Reiseveranstalter Travel Mart TM GmbH Postanschrift Travel","_links":{"self":[{"href":"https:\/\/travelmarttm.com\/de\/wp-json\/wp\/v2\/pages\/397","targetHints":{"allow":["GET"]}}],"collection":[{"href":"https:\/\/travelmarttm.com\/de\/wp-json\/wp\/v2\/pages"}],"about":[{"href":"https:\/\/travelmarttm.com\/de\/wp-json\/wp\/v2\/types\/page"}],"author":[{"embeddable":true,"href":"https:\/\/travelmarttm.com\/de\/wp-json\/wp\/v2\/users\/1"}],"replies":[{"embeddable":true,"href":"https:\/\/travelmarttm.com\/de\/wp-json\/wp\/v2\/comments?post=397"}],"version-history":[{"count":52,"href":"https:\/\/travelmarttm.com\/de\/wp-json\/wp\/v2\/pages\/397\/revisions"}],"predecessor-version":[{"id":3969,"href":"https:\/\/travelmarttm.com\/de\/wp-json\/wp\/v2\/pages\/397\/revisions\/3969"}],"wp:attachment":[{"href":"https:\/\/travelmarttm.com\/de\/wp-json\/wp\/v2\/media?parent=397"}],"curies":[{"name":"wp","href":"https:\/\/api.w.org\/{rel}","templated":true}]}}